{"id":14,"date":"2021-12-29T13:44:14","date_gmt":"2021-12-29T12:44:14","guid":{"rendered":"http:\/\/angelicabohne.com\/?page_id=14"},"modified":"2022-05-04T15:48:50","modified_gmt":"2022-05-04T13:48:50","slug":"ueber-uns","status":"publish","type":"page","link":"https:\/\/angelicabohne.com\/?page_id=14","title":{"rendered":"Mein Angebot"},"content":{"rendered":"\n<p>Manchmal geraten wir in eine Sackgasse, wenn es darum geht, Steine aus dem Weg zu r\u00e4umen, um den n\u00e4chsten Schritt zu gehen.<\/p>\n\n\n\n<p>Nach meiner Erfahrung lohnt es sich, sich mit dem eigenem Leben auseinander zu setzen, um die Ursache der Beschwerden aufzul\u00f6sen, zu harmonisieren und zu integrieren.<\/p>\n\n\n\n<p>Dann sp\u00fcren wir ein Gef\u00fchl des inneren Friedens.<\/p>\n\n\n\n<p>Auf diesem Weg begleite ich Sie gerne.<\/p>\n\n\n\n<p>Als ausgebildete EFT-Therapeutin, Informationsheilerin und Reiki-Meisterin verbinde ich verschiedene Techniken, um gemeinsam mit den Betroffenen oder den Angeh\u00f6rigen, den bestm\u00f6glichen Ansatz f\u00fcr die individuelle Situation zu finden.<\/p>\n\n\n\n<p><\/p>\n","protected":false},"excerpt":{"rendered":"<p>Manchmal geraten wir in eine Sackgasse, wenn es darum geht, Steine aus dem Weg zu r\u00e4umen, um den n\u00e4chsten Schritt zu gehen. Nach meiner Erfahrung lohnt es sich, sich mit dem eigenem Leben auseinander zu setzen, um die Ursache der Beschwerden aufzul\u00f6sen, zu harmonisieren und zu integrieren. Dann sp\u00fcren wir ein Gef\u00fchl des inneren Friedens. &hellip; <\/p>\n<p class=\"link-more\"><a href=\"https:\/\/angelicabohne.com\/?page_id=14\" class=\"more-link\"><span class=\"screen-reader-text\">\u201eMein Angebot\u201c<\/span> weiterlesen<\/a><\/p>\n","protected":false},"author":1,"featured_media":0,"parent":15,"menu_order":0,"comment_status":"closed","ping_status":"closed","template":"","meta":{"footnotes":""},"class_list":["post-14","page","type-page","status-publish","hentry"],"_links":{"self":[{"href":"https:\/\/angelicabohne.com\/index.php?rest_route=\/wp\/v2\/pages\/14","targetHints":{"allow":["GET"]}}],"collection":[{"href":"https:\/\/angelicabohne.com\/index.php?rest_route=\/wp\/v2\/pages"}],"about":[{"href":"https:\/\/angelicabohne.com\/index.php?rest_route=\/wp\/v2\/types\/page"}],"author":[{"embeddable":true,"href":"https:\/\/angelicabohne.com\/index.php?rest_route=\/wp\/v2\/users\/1"}],"replies":[{"embeddable":true,"href":"https:\/\/angelicabohne.com\/index.php?rest_route=%2Fwp%2Fv2%2Fcomments&post=14"}],"version-history":[{"count":5,"href":"https:\/\/angelicabohne.com\/index.php?rest_route=\/wp\/v2\/pages\/14\/revisions"}],"predecessor-version":[{"id":118,"href":"https:\/\/angelicabohne.com\/index.php?rest_route=\/wp\/v2\/pages\/14\/revisions\/118"}],"up":[{"embeddable":true,"href":"https:\/\/angelicabohne.com\/index.php?rest_route=\/wp\/v2\/pages\/15"}],"wp:attachment":[{"href":"https:\/\/angelicabohne.com\/index.php?rest_route=%2Fwp%2Fv2%2Fmedia&parent=14"}],"curies":[{"name":"wp","href":"https:\/\/api.w.org\/{rel}","templated":true}]}}