{"id":21,"date":"2021-12-29T13:44:14","date_gmt":"2021-12-29T12:44:14","guid":{"rendered":"http:\/\/angelicabohne.com\/?page_id=21"},"modified":"2023-03-16T10:57:45","modified_gmt":"2023-03-16T09:57:45","slug":"startseite","status":"publish","type":"page","link":"https:\/\/angelicabohne.com\/","title":{"rendered":"Ang\u00e9lica Bohne"},"content":{"rendered":"\n<p><strong>Reiki &#8211; EFT &#8211; Informationsheilung<\/strong><\/p>\n\n\n\n<figure class=\"wp-block-gallery has-nested-images columns-default is-cropped wp-block-gallery-1 is-layout-flex wp-block-gallery-is-layout-flex\">\n<figure class=\"wp-block-image size-large\"><img loading=\"lazy\" decoding=\"async\" width=\"1024\" height=\"683\" data-id=\"135\" src=\"http:\/\/angelicabohne.com\/wp-content\/uploads\/2022\/05\/DSC_6257-1024x683.jpg\" alt=\"\" class=\"wp-image-135\" srcset=\"https:\/\/angelicabohne.com\/wp-content\/uploads\/2022\/05\/DSC_6257-1024x683.jpg 1024w, https:\/\/angelicabohne.com\/wp-content\/uploads\/2022\/05\/DSC_6257-300x200.jpg 300w, https:\/\/angelicabohne.com\/wp-content\/uploads\/2022\/05\/DSC_6257-768x512.jpg 768w, https:\/\/angelicabohne.com\/wp-content\/uploads\/2022\/05\/DSC_6257-1536x1024.jpg 1536w, https:\/\/angelicabohne.com\/wp-content\/uploads\/2022\/05\/DSC_6257-2048x1365.jpg 2048w\" sizes=\"auto, (max-width: 767px) 89vw, (max-width: 1000px) 54vw, (max-width: 1071px) 543px, 580px\" \/><\/figure>\n<\/figure>\n\n\n\n<p>Als Dolmetscherin und \u00dcbersetzerin (Spanisch, Franz\u00f6sisch und Englisch) habe ich Menschen aus verschiedenen Kulturkreisen kennengelernt. Dabei stellte ich immer wieder fest, dass uns \u00e4hnliche Themen begegnen.  Es tauchten z.B. wiederholt Fragen auf, wie ich sie hier unter den Bildern kurz erw\u00e4hnt habe. Diese Fragen sind aber nur ein kleiner Auszug dessen, was uns besch\u00e4ftigen oder belasten kann.<\/p>\n\n\n\n<p><\/p>\n\n\n\n<figure class=\"wp-block-image size-full is-resized\"><img loading=\"lazy\" decoding=\"async\" src=\"http:\/\/angelicabohne.com\/wp-content\/uploads\/2022\/03\/Fischer.jpg\" alt=\"\" class=\"wp-image-85\" width=\"380\" height=\"551\" srcset=\"https:\/\/angelicabohne.com\/wp-content\/uploads\/2022\/03\/Fischer.jpg 507w, https:\/\/angelicabohne.com\/wp-content\/uploads\/2022\/03\/Fischer-207x300.jpg 207w\" sizes=\"auto, (max-width: 380px) 100vw, 380px\" \/><\/figure>\n\n\n\n<p class=\"has-medium-font-size\">Geduld und Zuversicht bis zum vollendeten Werk?<\/p>\n\n\n\n<p><\/p>\n\n\n\n<figure class=\"wp-block-image size-full is-resized\"><img loading=\"lazy\" decoding=\"async\" src=\"http:\/\/angelicabohne.com\/wp-content\/uploads\/2022\/03\/Chaos.jpg\" alt=\"\" class=\"wp-image-91\" width=\"402\" height=\"519\" srcset=\"https:\/\/angelicabohne.com\/wp-content\/uploads\/2022\/03\/Chaos.jpg 536w, https:\/\/angelicabohne.com\/wp-content\/uploads\/2022\/03\/Chaos-232x300.jpg 232w\" sizes=\"auto, (max-width: 402px) 100vw, 402px\" \/><\/figure>\n\n\n\n<p class=\"has-medium-font-size\">Eine klare Entscheidung treffen, bei dem Chaos in meinem Kopf?<\/p>\n\n\n\n<p><\/p>\n\n\n\n<figure class=\"wp-block-image size-full is-resized\"><img loading=\"lazy\" decoding=\"async\" src=\"http:\/\/angelicabohne.com\/wp-content\/uploads\/2022\/03\/rotes-Dach.jpg\" alt=\"\" class=\"wp-image-93\" width=\"365\" height=\"488\" srcset=\"https:\/\/angelicabohne.com\/wp-content\/uploads\/2022\/03\/rotes-Dach.jpg 486w, https:\/\/angelicabohne.com\/wp-content\/uploads\/2022\/03\/rotes-Dach-224x300.jpg 224w\" sizes=\"auto, (max-width: 365px) 100vw, 365px\" \/><\/figure>\n\n\n\n<p class=\"has-medium-font-size\">Wo bin ich Zuhause?<\/p>\n\n\n\n<p><\/p>\n\n\n\n<figure class=\"wp-block-image size-full is-resized\"><img loading=\"lazy\" decoding=\"async\" src=\"http:\/\/angelicabohne.com\/wp-content\/uploads\/2022\/03\/Schlagzeug.jpg\" alt=\"\" class=\"wp-image-94\" width=\"370\" height=\"504\" srcset=\"https:\/\/angelicabohne.com\/wp-content\/uploads\/2022\/03\/Schlagzeug.jpg 493w, https:\/\/angelicabohne.com\/wp-content\/uploads\/2022\/03\/Schlagzeug-220x300.jpg 220w\" sizes=\"auto, (max-width: 370px) 100vw, 370px\" \/><\/figure>\n\n\n\n<p><\/p>\n\n\n\n<p class=\"has-medium-font-size\">Kreativ sein? Kann ich das? Darf ich das? M\u00f6chte ich das?<\/p>\n\n\n\n<p><\/p>\n\n\n\n<figure class=\"wp-block-image size-full is-resized\"><img loading=\"lazy\" decoding=\"async\" src=\"http:\/\/angelicabohne.com\/wp-content\/uploads\/2022\/03\/gluecklicher-Hausmann.jpg\" alt=\"\" class=\"wp-image-95\" width=\"350\" height=\"469\" srcset=\"https:\/\/angelicabohne.com\/wp-content\/uploads\/2022\/03\/gluecklicher-Hausmann.jpg 467w, https:\/\/angelicabohne.com\/wp-content\/uploads\/2022\/03\/gluecklicher-Hausmann-224x300.jpg 224w\" sizes=\"auto, (max-width: 350px) 100vw, 350px\" \/><\/figure>\n\n\n\n<p><\/p>\n\n\n\n<p class=\"has-medium-font-size\">Bin ich mit meinem Leben zufrieden? Habe ich den richtigen Beruf? F\u00fchle ich mich wohl in meiner Haut?<\/p>\n\n\n\n<p><\/p>\n\n\n\n<figure class=\"wp-block-image size-full is-resized\"><img loading=\"lazy\" decoding=\"async\" src=\"http:\/\/angelicabohne.com\/wp-content\/uploads\/2022\/03\/Gelb-2.jpg\" alt=\"\" class=\"wp-image-105\" width=\"432\" height=\"579\" srcset=\"https:\/\/angelicabohne.com\/wp-content\/uploads\/2022\/03\/Gelb-2.jpg 576w, https:\/\/angelicabohne.com\/wp-content\/uploads\/2022\/03\/Gelb-2-224x300.jpg 224w\" sizes=\"auto, (max-width: 432px) 100vw, 432px\" \/><\/figure>\n\n\n\n<p><\/p>\n\n\n\n<p class=\"has-medium-font-size\">Sehe ich ein Licht am Ende des Tunnels?<\/p>\n\n\n\n<p><\/p>\n\n\n\n<p>.<\/p>\n\n\n\n<p><\/p>\n\n\n\n<p><\/p>\n\n\n\n<p><\/p>\n\n\n\n<p><\/p>\n\n\n\n<p><\/p>\n","protected":false},"excerpt":{"rendered":"<p>Reiki &#8211; EFT &#8211; Informationsheilung Als Dolmetscherin und \u00dcbersetzerin (Spanisch, Franz\u00f6sisch und Englisch) habe ich Menschen aus verschiedenen Kulturkreisen kennengelernt. Dabei stellte ich immer wieder fest, dass uns \u00e4hnliche Themen begegnen. Es tauchten z.B. wiederholt Fragen auf, wie ich sie hier unter den Bildern kurz erw\u00e4hnt habe. Diese Fragen sind aber nur ein kleiner Auszug &hellip; <\/p>\n<p class=\"link-more\"><a href=\"https:\/\/angelicabohne.com\/\" class=\"more-link\"><span class=\"screen-reader-text\">\u201eAng\u00e9lica Bohne\u201c<\/span> weiterlesen<\/a><\/p>\n","protected":false},"author":1,"featured_media":0,"parent":0,"menu_order":0,"comment_status":"closed","ping_status":"closed","template":"","meta":{"footnotes":""},"class_list":["post-21","page","type-page","status-publish","hentry"],"_links":{"self":[{"href":"https:\/\/angelicabohne.com\/index.php?rest_route=\/wp\/v2\/pages\/21","targetHints":{"allow":["GET"]}}],"collection":[{"href":"https:\/\/angelicabohne.com\/index.php?rest_route=\/wp\/v2\/pages"}],"about":[{"href":"https:\/\/angelicabohne.com\/index.php?rest_route=\/wp\/v2\/types\/page"}],"author":[{"embeddable":true,"href":"https:\/\/angelicabohne.com\/index.php?rest_route=\/wp\/v2\/users\/1"}],"replies":[{"embeddable":true,"href":"https:\/\/angelicabohne.com\/index.php?rest_route=%2Fwp%2Fv2%2Fcomments&post=21"}],"version-history":[{"count":22,"href":"https:\/\/angelicabohne.com\/index.php?rest_route=\/wp\/v2\/pages\/21\/revisions"}],"predecessor-version":[{"id":144,"href":"https:\/\/angelicabohne.com\/index.php?rest_route=\/wp\/v2\/pages\/21\/revisions\/144"}],"wp:attachment":[{"href":"https:\/\/angelicabohne.com\/index.php?rest_route=%2Fwp%2Fv2%2Fmedia&parent=21"}],"curies":[{"name":"wp","href":"https:\/\/api.w.org\/{rel}","templated":true}]}}